{"id":3451,"date":"2024-06-28T10:45:13","date_gmt":"2024-06-28T08:45:13","guid":{"rendered":"https:\/\/www.mh-logistics.at\/impressum\/"},"modified":"2024-07-24T14:56:28","modified_gmt":"2024-07-24T12:56:28","slug":"impressum","status":"publish","type":"page","link":"https:\/\/www.mh-logistics.at\/it\/impressum\/","title":{"rendered":"Impressum"},"content":{"rendered":"\t\t<div data-elementor-type=\"wp-page\" data-elementor-id=\"3451\" class=\"elementor elementor-3451 elementor-3267\">\n\t\t\t\t<div class=\"elementor-element elementor-element-64a5608 e-flex e-con-boxed e-con e-parent\" data-id=\"64a5608\" data-element_type=\"container\">\n\t\t\t\t\t<div class=\"e-con-inner\">\n\t\t\t\t<div class=\"elementor-element elementor-element-2354bffc elementor-widget elementor-widget-text-editor\" data-id=\"2354bffc\" data-element_type=\"widget\" data-widget_type=\"text-editor.default\">\n\t\t\t\t<div class=\"elementor-widget-container\">\n\t\t\t\t\t\t\t\t\t<h2 class=\"wp-block-heading\">MH Logistics GmbH<\/h2><p>Losenheimerstra\u00dfe 10, 2734 Puchberg am Schneeberg<br \/>Telefon: +43 676 686 9771<br \/>E-Mail: office@mh-logistics.at<\/p><p>Gesch\u00e4ftsf\u00fchrer: Michael Hausmann<br \/>Firmenbuchnummer: FN 558142y<br \/>Gerichtsort: Landesgericht Wiener Neustadt<\/p><p>Bankverbindung: IBAN AT 74 3293 7000 0302 9584<br \/>BIC: RLNWATWWNRN<\/p><p>Konzept, Webdesign und technische Umsetzung: Texteria<\/p><p>Fotos: Depositphotos<br \/>Web: www.depositphotos.de<\/p>\t\t\t\t\t\t\t\t<\/div>\n\t\t\t\t<\/div>\n\t\t\t\t\t<\/div>\n\t\t\t\t<\/div>\n\t\t\t\t<\/div>\n\t\t","protected":false},"excerpt":{"rendered":"<p>MH Logistics GmbH Losenheimerstra\u00dfe 10, 2734 Puchberg am SchneebergTelefon: +43 676 686 9771E-Mail: office@mh-logistics.at Gesch\u00e4ftsf\u00fchrer: Michael HausmannFirmenbuchnummer: FN 558142yGerichtsort: Landesgericht Wiener Neustadt Bankverbindung: IBAN AT 74 3293 7000 0302 9584BIC: RLNWATWWNRN Konzept, Webdesign und technische Umsetzung: Texteria Fotos: DepositphotosWeb: www.depositphotos.de<\/p>\n","protected":false},"author":2,"featured_media":0,"parent":0,"menu_order":0,"comment_status":"closed","ping_status":"closed","template":"","meta":{"footnotes":""},"class_list":["post-3451","page","type-page","status-publish","hentry"],"yoast_head":"<!-- This site is optimized with the Yoast SEO plugin v25.5 - https:\/\/yoast.com\/wordpress\/plugins\/seo\/ -->\n<title>Impressum - MH Logistics<\/title>\n<meta name=\"robots\" content=\"index, follow, max-snippet:-1, max-image-preview:large, max-video-preview:-1\" \/>\n<link rel=\"canonical\" href=\"https:\/\/www.mh-logistics.at\/it\/impressum\/\" \/>\n<meta property=\"og:locale\" content=\"it_IT\" \/>\n<meta property=\"og:type\" content=\"article\" \/>\n<meta property=\"og:title\" content=\"Impressum - MH Logistics\" \/>\n<meta property=\"og:description\" content=\"MH Logistics GmbH Losenheimerstra\u00dfe 10, 2734 Puchberg am SchneebergTelefon: +43 676 686 9771E-Mail: office@mh-logistics.at Gesch\u00e4ftsf\u00fchrer: Michael HausmannFirmenbuchnummer: FN 558142yGerichtsort: Landesgericht Wiener Neustadt Bankverbindung: IBAN AT 74 3293 7000 0302 9584BIC: RLNWATWWNRN Konzept, Webdesign und technische Umsetzung: Texteria Fotos: DepositphotosWeb: www.depositphotos.de\" \/>\n<meta property=\"og:url\" content=\"https:\/\/www.mh-logistics.at\/it\/impressum\/\" \/>\n<meta property=\"og:site_name\" content=\"MH Logistics\" \/>\n<meta property=\"article:modified_time\" content=\"2024-07-24T12:56:28+00:00\" \/>\n<meta name=\"twitter:card\" content=\"summary_large_image\" \/>\n<meta name=\"twitter:label1\" content=\"Tempo di lettura stimato\" \/>\n\t<meta name=\"twitter:data1\" content=\"1 minuto\" \/>\n<script type=\"application\/ld+json\" class=\"yoast-schema-graph\">{\"@context\":\"https:\/\/schema.org\",\"@graph\":[{\"@type\":\"WebPage\",\"@id\":\"https:\/\/www.mh-logistics.at\/it\/impressum\/\",\"url\":\"https:\/\/www.mh-logistics.at\/it\/impressum\/\",\"name\":\"Impressum - MH Logistics\",\"isPartOf\":{\"@id\":\"https:\/\/www.mh-logistics.at\/#website\"},\"datePublished\":\"2024-06-28T08:45:13+00:00\",\"dateModified\":\"2024-07-24T12:56:28+00:00\",\"breadcrumb\":{\"@id\":\"https:\/\/www.mh-logistics.at\/it\/impressum\/#breadcrumb\"},\"inLanguage\":\"it-IT\",\"potentialAction\":[{\"@type\":\"ReadAction\",\"target\":[\"https:\/\/www.mh-logistics.at\/it\/impressum\/\"]}]},{\"@type\":\"BreadcrumbList\",\"@id\":\"https:\/\/www.mh-logistics.at\/it\/impressum\/#breadcrumb\",\"itemListElement\":[{\"@type\":\"ListItem\",\"position\":1,\"name\":\"Startseite\",\"item\":\"https:\/\/www.mh-logistics.at\/it\/\"},{\"@type\":\"ListItem\",\"position\":2,\"name\":\"Impressum\"}]},{\"@type\":\"WebSite\",\"@id\":\"https:\/\/www.mh-logistics.at\/#website\",\"url\":\"https:\/\/www.mh-logistics.at\/\",\"name\":\"MH Logistics\",\"description\":\"Ihr Partner f\u00fcr europaweite LKW-Transporte und Logistikdienstleistungen\",\"publisher\":{\"@id\":\"https:\/\/www.mh-logistics.at\/#organization\"},\"potentialAction\":[{\"@type\":\"SearchAction\",\"target\":{\"@type\":\"EntryPoint\",\"urlTemplate\":\"https:\/\/www.mh-logistics.at\/?s={search_term_string}\"},\"query-input\":{\"@type\":\"PropertyValueSpecification\",\"valueRequired\":true,\"valueName\":\"search_term_string\"}}],\"inLanguage\":\"it-IT\"},{\"@type\":\"Organization\",\"@id\":\"https:\/\/www.mh-logistics.at\/#organization\",\"name\":\"MH Logistics\",\"url\":\"https:\/\/www.mh-logistics.at\/\",\"logo\":{\"@type\":\"ImageObject\",\"inLanguage\":\"it-IT\",\"@id\":\"https:\/\/www.mh-logistics.at\/#\/schema\/logo\/image\/\",\"url\":\"https:\/\/www.mh-logistics.at\/wp-content\/uploads\/2024\/06\/logo.png\",\"contentUrl\":\"https:\/\/www.mh-logistics.at\/wp-content\/uploads\/2024\/06\/logo.png\",\"width\":1645,\"height\":296,\"caption\":\"MH Logistics\"},\"image\":{\"@id\":\"https:\/\/www.mh-logistics.at\/#\/schema\/logo\/image\/\"}}]}<\/script>\n<!-- \/ Yoast SEO plugin. -->","yoast_head_json":{"title":"Impressum - MH Logistics","robots":{"index":"index","follow":"follow","max-snippet":"max-snippet:-1","max-image-preview":"max-image-preview:large","max-video-preview":"max-video-preview:-1"},"canonical":"https:\/\/www.mh-logistics.at\/it\/impressum\/","og_locale":"it_IT","og_type":"article","og_title":"Impressum - MH Logistics","og_description":"MH Logistics GmbH Losenheimerstra\u00dfe 10, 2734 Puchberg am SchneebergTelefon: +43 676 686 9771E-Mail: office@mh-logistics.at Gesch\u00e4ftsf\u00fchrer: Michael HausmannFirmenbuchnummer: FN 558142yGerichtsort: Landesgericht Wiener Neustadt Bankverbindung: IBAN AT 74 3293 7000 0302 9584BIC: RLNWATWWNRN Konzept, Webdesign und technische Umsetzung: Texteria Fotos: DepositphotosWeb: www.depositphotos.de","og_url":"https:\/\/www.mh-logistics.at\/it\/impressum\/","og_site_name":"MH Logistics","article_modified_time":"2024-07-24T12:56:28+00:00","twitter_card":"summary_large_image","twitter_misc":{"Tempo di lettura stimato":"1 minuto"},"schema":{"@context":"https:\/\/schema.org","@graph":[{"@type":"WebPage","@id":"https:\/\/www.mh-logistics.at\/it\/impressum\/","url":"https:\/\/www.mh-logistics.at\/it\/impressum\/","name":"Impressum - MH Logistics","isPartOf":{"@id":"https:\/\/www.mh-logistics.at\/#website"},"datePublished":"2024-06-28T08:45:13+00:00","dateModified":"2024-07-24T12:56:28+00:00","breadcrumb":{"@id":"https:\/\/www.mh-logistics.at\/it\/impressum\/#breadcrumb"},"inLanguage":"it-IT","potentialAction":[{"@type":"ReadAction","target":["https:\/\/www.mh-logistics.at\/it\/impressum\/"]}]},{"@type":"BreadcrumbList","@id":"https:\/\/www.mh-logistics.at\/it\/impressum\/#breadcrumb","itemListElement":[{"@type":"ListItem","position":1,"name":"Startseite","item":"https:\/\/www.mh-logistics.at\/it\/"},{"@type":"ListItem","position":2,"name":"Impressum"}]},{"@type":"WebSite","@id":"https:\/\/www.mh-logistics.at\/#website","url":"https:\/\/www.mh-logistics.at\/","name":"MH Logistics","description":"Ihr Partner f\u00fcr europaweite LKW-Transporte und Logistikdienstleistungen","publisher":{"@id":"https:\/\/www.mh-logistics.at\/#organization"},"potentialAction":[{"@type":"SearchAction","target":{"@type":"EntryPoint","urlTemplate":"https:\/\/www.mh-logistics.at\/?s={search_term_string}"},"query-input":{"@type":"PropertyValueSpecification","valueRequired":true,"valueName":"search_term_string"}}],"inLanguage":"it-IT"},{"@type":"Organization","@id":"https:\/\/www.mh-logistics.at\/#organization","name":"MH Logistics","url":"https:\/\/www.mh-logistics.at\/","logo":{"@type":"ImageObject","inLanguage":"it-IT","@id":"https:\/\/www.mh-logistics.at\/#\/schema\/logo\/image\/","url":"https:\/\/www.mh-logistics.at\/wp-content\/uploads\/2024\/06\/logo.png","contentUrl":"https:\/\/www.mh-logistics.at\/wp-content\/uploads\/2024\/06\/logo.png","width":1645,"height":296,"caption":"MH Logistics"},"image":{"@id":"https:\/\/www.mh-logistics.at\/#\/schema\/logo\/image\/"}}]}},"_links":{"self":[{"href":"https:\/\/www.mh-logistics.at\/it\/wp-json\/wp\/v2\/pages\/3451","targetHints":{"allow":["GET"]}}],"collection":[{"href":"https:\/\/www.mh-logistics.at\/it\/wp-json\/wp\/v2\/pages"}],"about":[{"href":"https:\/\/www.mh-logistics.at\/it\/wp-json\/wp\/v2\/types\/page"}],"author":[{"embeddable":true,"href":"https:\/\/www.mh-logistics.at\/it\/wp-json\/wp\/v2\/users\/2"}],"replies":[{"embeddable":true,"href":"https:\/\/www.mh-logistics.at\/it\/wp-json\/wp\/v2\/comments?post=3451"}],"version-history":[{"count":6,"href":"https:\/\/www.mh-logistics.at\/it\/wp-json\/wp\/v2\/pages\/3451\/revisions"}],"predecessor-version":[{"id":3674,"href":"https:\/\/www.mh-logistics.at\/it\/wp-json\/wp\/v2\/pages\/3451\/revisions\/3674"}],"wp:attachment":[{"href":"https:\/\/www.mh-logistics.at\/it\/wp-json\/wp\/v2\/media?parent=3451"}],"curies":[{"name":"wp","href":"https:\/\/api.w.org\/{rel}","templated":true}]}}